{"id":14932,"date":"2026-02-18T12:08:11","date_gmt":"2026-02-18T11:08:11","guid":{"rendered":"https:\/\/www.ngv.nl\/hoofd\/?page_id=14932"},"modified":"2026-02-18T12:12:28","modified_gmt":"2026-02-18T11:12:28","slug":"vacature-middeleeuws-vlechtwerk","status":"publish","type":"page","link":"https:\/\/www.ngv.nl\/hoofd\/vacature-middeleeuws-vlechtwerk\/","title":{"rendered":"Vacature: Middeleeuws Vlechtwerk"},"content":{"rendered":"\n<h3 class=\"wp-block-heading\">Vacature: Middeleeuws Vlechtwerk<\/h3>\n\n\n<div class=\"wp-block-image\">\n<figure class=\"alignleft size-full\"><img loading=\"lazy\" decoding=\"async\" width=\"198\" height=\"126\" src=\"https:\/\/www.ngv.nl\/hoofd\/wp-content\/uploads\/2025\/12\/NGV-80-jaar.png\" alt=\"\" class=\"wp-image-13960\" style=\"object-fit:cover\" srcset=\"https:\/\/www.ngv.nl\/hoofd\/wp-content\/uploads\/2025\/12\/NGV-80-jaar.png 198w, https:\/\/www.ngv.nl\/hoofd\/wp-content\/uploads\/2025\/12\/NGV-80-jaar-18x12.png 18w\" sizes=\"auto, (max-width: 198px) 100vw, 198px\" \/><\/figure>\n<\/div>\n\n\n<p><strong>De vereniging<\/strong><br>De Nederlandse Genealogische Vereniging is een landelijke organisatie die in 1946 is opgericht voor het ondersteunen en bevorderen van onderzoek op het gebied van familiegeschiedenis. De vereniging heeft ca. 5.000 leden, verspreid over 24 regionale afdelingen die op hun regio afgestemde activiteiten organiseren. Op landelijk niveau is sprake van een hoofdbestuur dat over haar werkzaamheden verantwoording aflegt aan de afdelingen.<\/p>\n\n\n\n<p><strong>Ambitie<\/strong><br>Vanaf mei 2025 is op de website van de NGV voor leden een databank beschikbaar die een opstap biedt voor het zoeken naar familieleden in de Middeleeuwen. Dit \u2018zogenaamde Middeleeuws Vlechtwerk\u2019 bevat ca. 140.000 personen die v\u00f3\u00f3r 1700 zijn geboren en waarvan de afstamming teruggaat tot v\u00f3\u00f3r 1550. Niet alleen adel, maar ook burgers en plattelanders. Bijzonder is dat elke vermelding een gedegen bronvermelding kent.<br>Er liggen echter nog onverwerkte publicaties op de plank, welke voor een waardevolle aanvulling van de databank kunnen zorgen.<\/p>\n\n\n\n<p><strong>Wat ga je doen?<\/strong><br>Als vrijwilliger werk je onder begeleiding van de Werkgroep Middeleeuws Vlechtwerk \u00e9\u00e9n of meerdere dagdelen per week aan het overnemen van data uit een publicatie in een GensDataPro-bestand. Hiervoor is een handleiding beschikbaar en wordt ook een inwerkbijeenkomst aangeboden. Daarnaast zal periodiek sprake zijn van een samenkomst met een aantrekkelijk programma.<\/p>\n\n\n\n<p><strong>Interesse?<\/strong><br>Stuur een bericht naar <a href=\"mailto:vlechtwerk@ngv.nl\" target=\"_blank\" rel=\"noreferrer noopener\">vlechtwerk@ngv.nl<\/a><\/p>\n","protected":false},"excerpt":{"rendered":"<p>Vacature: Middeleeuws Vlechtwerk De verenigingDe Nederlandse Genealogische Vereniging is een landelijke organisatie die in 1946 &hellip;<\/p>\n","protected":false},"author":1,"featured_media":0,"parent":0,"menu_order":0,"comment_status":"closed","ping_status":"closed","template":"","meta":{"footnotes":""},"class_list":["post-14932","page","type-page","status-publish","hentry"],"yoast_head":"<!-- This site is optimized with the Yoast SEO plugin v27.3 - https:\/\/yoast.com\/product\/yoast-seo-wordpress\/ -->\n<title>Vacature: Middeleeuws Vlechtwerk - Nederlandse Genealogische Vereniging<\/title>\n<meta name=\"robots\" content=\"index, follow, max-snippet:-1, max-image-preview:large, max-video-preview:-1\" \/>\n<link rel=\"canonical\" href=\"https:\/\/www.ngv.nl\/hoofd\/vacature-middeleeuws-vlechtwerk\/\" \/>\n<meta property=\"og:locale\" content=\"nl_NL\" \/>\n<meta property=\"og:type\" content=\"article\" \/>\n<meta property=\"og:title\" content=\"Vacature: Middeleeuws Vlechtwerk - Nederlandse Genealogische Vereniging\" \/>\n<meta property=\"og:description\" content=\"Vacature: Middeleeuws Vlechtwerk De verenigingDe Nederlandse Genealogische Vereniging is een landelijke organisatie die in 1946 &hellip;\" \/>\n<meta property=\"og:url\" content=\"https:\/\/www.ngv.nl\/hoofd\/vacature-middeleeuws-vlechtwerk\/\" \/>\n<meta property=\"og:site_name\" content=\"Nederlandse Genealogische Vereniging\" \/>\n<meta property=\"article:publisher\" content=\"https:\/\/www.facebook.com\/genealogie.ngv\" \/>\n<meta property=\"article:modified_time\" content=\"2026-02-18T11:12:28+00:00\" \/>\n<meta property=\"og:image\" content=\"https:\/\/www.ngv.nl\/hoofd\/wp-content\/uploads\/2025\/12\/NGV-80-jaar.png\" \/>\n\t<meta property=\"og:image:width\" content=\"198\" \/>\n\t<meta property=\"og:image:height\" content=\"126\" \/>\n\t<meta property=\"og:image:type\" content=\"image\/png\" \/>\n<meta name=\"twitter:card\" content=\"summary_large_image\" \/>\n<meta name=\"twitter:site\" content=\"@NGV_Genealogie\" \/>\n<meta name=\"twitter:label1\" content=\"Geschatte leestijd\" \/>\n\t<meta name=\"twitter:data1\" content=\"2 minuten\" \/>\n<script type=\"application\/ld+json\" class=\"yoast-schema-graph\">{\"@context\":\"https:\\\/\\\/schema.org\",\"@graph\":[{\"@type\":\"WebPage\",\"@id\":\"https:\\\/\\\/www.ngv.nl\\\/hoofd\\\/vacature-middeleeuws-vlechtwerk\\\/\",\"url\":\"https:\\\/\\\/www.ngv.nl\\\/hoofd\\\/vacature-middeleeuws-vlechtwerk\\\/\",\"name\":\"Vacature: Middeleeuws Vlechtwerk - Nederlandse Genealogische Vereniging\",\"isPartOf\":{\"@id\":\"https:\\\/\\\/www.ngv.nl\\\/hoofd\\\/#website\"},\"primaryImageOfPage\":{\"@id\":\"https:\\\/\\\/www.ngv.nl\\\/hoofd\\\/vacature-middeleeuws-vlechtwerk\\\/#primaryimage\"},\"image\":{\"@id\":\"https:\\\/\\\/www.ngv.nl\\\/hoofd\\\/vacature-middeleeuws-vlechtwerk\\\/#primaryimage\"},\"thumbnailUrl\":\"https:\\\/\\\/www.ngv.nl\\\/hoofd\\\/wp-content\\\/uploads\\\/2025\\\/12\\\/NGV-80-jaar.png\",\"datePublished\":\"2026-02-18T11:08:11+00:00\",\"dateModified\":\"2026-02-18T11:12:28+00:00\",\"breadcrumb\":{\"@id\":\"https:\\\/\\\/www.ngv.nl\\\/hoofd\\\/vacature-middeleeuws-vlechtwerk\\\/#breadcrumb\"},\"inLanguage\":\"nl-NL\",\"potentialAction\":[{\"@type\":\"ReadAction\",\"target\":[\"https:\\\/\\\/www.ngv.nl\\\/hoofd\\\/vacature-middeleeuws-vlechtwerk\\\/\"]}]},{\"@type\":\"ImageObject\",\"inLanguage\":\"nl-NL\",\"@id\":\"https:\\\/\\\/www.ngv.nl\\\/hoofd\\\/vacature-middeleeuws-vlechtwerk\\\/#primaryimage\",\"url\":\"https:\\\/\\\/www.ngv.nl\\\/hoofd\\\/wp-content\\\/uploads\\\/2025\\\/12\\\/NGV-80-jaar.png\",\"contentUrl\":\"https:\\\/\\\/www.ngv.nl\\\/hoofd\\\/wp-content\\\/uploads\\\/2025\\\/12\\\/NGV-80-jaar.png\",\"width\":198,\"height\":126},{\"@type\":\"BreadcrumbList\",\"@id\":\"https:\\\/\\\/www.ngv.nl\\\/hoofd\\\/vacature-middeleeuws-vlechtwerk\\\/#breadcrumb\",\"itemListElement\":[{\"@type\":\"ListItem\",\"position\":1,\"name\":\"Home\",\"item\":\"https:\\\/\\\/www.ngv.nl\\\/hoofd\\\/\"},{\"@type\":\"ListItem\",\"position\":2,\"name\":\"Vacature: Middeleeuws Vlechtwerk\"}]},{\"@type\":\"WebSite\",\"@id\":\"https:\\\/\\\/www.ngv.nl\\\/hoofd\\\/#website\",\"url\":\"https:\\\/\\\/www.ngv.nl\\\/hoofd\\\/\",\"name\":\"Nederlandse Genealogische Vereniging\",\"description\":\"\",\"publisher\":{\"@id\":\"https:\\\/\\\/www.ngv.nl\\\/hoofd\\\/#organization\"},\"potentialAction\":[{\"@type\":\"SearchAction\",\"target\":{\"@type\":\"EntryPoint\",\"urlTemplate\":\"https:\\\/\\\/www.ngv.nl\\\/hoofd\\\/?s={search_term_string}\"},\"query-input\":{\"@type\":\"PropertyValueSpecification\",\"valueRequired\":true,\"valueName\":\"search_term_string\"}}],\"inLanguage\":\"nl-NL\"},{\"@type\":\"Organization\",\"@id\":\"https:\\\/\\\/www.ngv.nl\\\/hoofd\\\/#organization\",\"name\":\"Nederlandse Genealogische Vereniging\",\"url\":\"https:\\\/\\\/www.ngv.nl\\\/hoofd\\\/\",\"logo\":{\"@type\":\"ImageObject\",\"inLanguage\":\"nl-NL\",\"@id\":\"https:\\\/\\\/www.ngv.nl\\\/hoofd\\\/#\\\/schema\\\/logo\\\/image\\\/\",\"url\":\"https:\\\/\\\/www.ngv.nl\\\/hoofd\\\/wp-content\\\/uploads\\\/2022\\\/08\\\/logo-205x108-1.jpg\",\"contentUrl\":\"https:\\\/\\\/www.ngv.nl\\\/hoofd\\\/wp-content\\\/uploads\\\/2022\\\/08\\\/logo-205x108-1.jpg\",\"width\":205,\"height\":108,\"caption\":\"Nederlandse Genealogische Vereniging\"},\"image\":{\"@id\":\"https:\\\/\\\/www.ngv.nl\\\/hoofd\\\/#\\\/schema\\\/logo\\\/image\\\/\"},\"sameAs\":[\"https:\\\/\\\/www.facebook.com\\\/genealogie.ngv\",\"https:\\\/\\\/x.com\\\/NGV_Genealogie\"]}]}<\/script>\n<!-- \/ Yoast SEO plugin. -->","yoast_head_json":{"title":"Vacature: Middeleeuws Vlechtwerk - Nederlandse Genealogische Vereniging","robots":{"index":"index","follow":"follow","max-snippet":"max-snippet:-1","max-image-preview":"max-image-preview:large","max-video-preview":"max-video-preview:-1"},"canonical":"https:\/\/www.ngv.nl\/hoofd\/vacature-middeleeuws-vlechtwerk\/","og_locale":"nl_NL","og_type":"article","og_title":"Vacature: Middeleeuws Vlechtwerk - Nederlandse Genealogische Vereniging","og_description":"Vacature: Middeleeuws Vlechtwerk De verenigingDe Nederlandse Genealogische Vereniging is een landelijke organisatie die in 1946 &hellip;","og_url":"https:\/\/www.ngv.nl\/hoofd\/vacature-middeleeuws-vlechtwerk\/","og_site_name":"Nederlandse Genealogische Vereniging","article_publisher":"https:\/\/www.facebook.com\/genealogie.ngv","article_modified_time":"2026-02-18T11:12:28+00:00","og_image":[{"width":198,"height":126,"url":"https:\/\/www.ngv.nl\/hoofd\/wp-content\/uploads\/2025\/12\/NGV-80-jaar.png","type":"image\/png"}],"twitter_card":"summary_large_image","twitter_site":"@NGV_Genealogie","twitter_misc":{"Geschatte leestijd":"2 minuten"},"schema":{"@context":"https:\/\/schema.org","@graph":[{"@type":"WebPage","@id":"https:\/\/www.ngv.nl\/hoofd\/vacature-middeleeuws-vlechtwerk\/","url":"https:\/\/www.ngv.nl\/hoofd\/vacature-middeleeuws-vlechtwerk\/","name":"Vacature: Middeleeuws Vlechtwerk - Nederlandse Genealogische Vereniging","isPartOf":{"@id":"https:\/\/www.ngv.nl\/hoofd\/#website"},"primaryImageOfPage":{"@id":"https:\/\/www.ngv.nl\/hoofd\/vacature-middeleeuws-vlechtwerk\/#primaryimage"},"image":{"@id":"https:\/\/www.ngv.nl\/hoofd\/vacature-middeleeuws-vlechtwerk\/#primaryimage"},"thumbnailUrl":"https:\/\/www.ngv.nl\/hoofd\/wp-content\/uploads\/2025\/12\/NGV-80-jaar.png","datePublished":"2026-02-18T11:08:11+00:00","dateModified":"2026-02-18T11:12:28+00:00","breadcrumb":{"@id":"https:\/\/www.ngv.nl\/hoofd\/vacature-middeleeuws-vlechtwerk\/#breadcrumb"},"inLanguage":"nl-NL","potentialAction":[{"@type":"ReadAction","target":["https:\/\/www.ngv.nl\/hoofd\/vacature-middeleeuws-vlechtwerk\/"]}]},{"@type":"ImageObject","inLanguage":"nl-NL","@id":"https:\/\/www.ngv.nl\/hoofd\/vacature-middeleeuws-vlechtwerk\/#primaryimage","url":"https:\/\/www.ngv.nl\/hoofd\/wp-content\/uploads\/2025\/12\/NGV-80-jaar.png","contentUrl":"https:\/\/www.ngv.nl\/hoofd\/wp-content\/uploads\/2025\/12\/NGV-80-jaar.png","width":198,"height":126},{"@type":"BreadcrumbList","@id":"https:\/\/www.ngv.nl\/hoofd\/vacature-middeleeuws-vlechtwerk\/#breadcrumb","itemListElement":[{"@type":"ListItem","position":1,"name":"Home","item":"https:\/\/www.ngv.nl\/hoofd\/"},{"@type":"ListItem","position":2,"name":"Vacature: Middeleeuws Vlechtwerk"}]},{"@type":"WebSite","@id":"https:\/\/www.ngv.nl\/hoofd\/#website","url":"https:\/\/www.ngv.nl\/hoofd\/","name":"Nederlandse Genealogische Vereniging","description":"","publisher":{"@id":"https:\/\/www.ngv.nl\/hoofd\/#organization"},"potentialAction":[{"@type":"SearchAction","target":{"@type":"EntryPoint","urlTemplate":"https:\/\/www.ngv.nl\/hoofd\/?s={search_term_string}"},"query-input":{"@type":"PropertyValueSpecification","valueRequired":true,"valueName":"search_term_string"}}],"inLanguage":"nl-NL"},{"@type":"Organization","@id":"https:\/\/www.ngv.nl\/hoofd\/#organization","name":"Nederlandse Genealogische Vereniging","url":"https:\/\/www.ngv.nl\/hoofd\/","logo":{"@type":"ImageObject","inLanguage":"nl-NL","@id":"https:\/\/www.ngv.nl\/hoofd\/#\/schema\/logo\/image\/","url":"https:\/\/www.ngv.nl\/hoofd\/wp-content\/uploads\/2022\/08\/logo-205x108-1.jpg","contentUrl":"https:\/\/www.ngv.nl\/hoofd\/wp-content\/uploads\/2022\/08\/logo-205x108-1.jpg","width":205,"height":108,"caption":"Nederlandse Genealogische Vereniging"},"image":{"@id":"https:\/\/www.ngv.nl\/hoofd\/#\/schema\/logo\/image\/"},"sameAs":["https:\/\/www.facebook.com\/genealogie.ngv","https:\/\/x.com\/NGV_Genealogie"]}]}},"_links":{"self":[{"href":"https:\/\/www.ngv.nl\/hoofd\/wp-json\/wp\/v2\/pages\/14932","targetHints":{"allow":["GET"]}}],"collection":[{"href":"https:\/\/www.ngv.nl\/hoofd\/wp-json\/wp\/v2\/pages"}],"about":[{"href":"https:\/\/www.ngv.nl\/hoofd\/wp-json\/wp\/v2\/types\/page"}],"author":[{"embeddable":true,"href":"https:\/\/www.ngv.nl\/hoofd\/wp-json\/wp\/v2\/users\/1"}],"replies":[{"embeddable":true,"href":"https:\/\/www.ngv.nl\/hoofd\/wp-json\/wp\/v2\/comments?post=14932"}],"version-history":[{"count":4,"href":"https:\/\/www.ngv.nl\/hoofd\/wp-json\/wp\/v2\/pages\/14932\/revisions"}],"predecessor-version":[{"id":14938,"href":"https:\/\/www.ngv.nl\/hoofd\/wp-json\/wp\/v2\/pages\/14932\/revisions\/14938"}],"wp:attachment":[{"href":"https:\/\/www.ngv.nl\/hoofd\/wp-json\/wp\/v2\/media?parent=14932"}],"curies":[{"name":"wp","href":"https:\/\/api.w.org\/{rel}","templated":true}]}}